{"id":2553,"date":"2023-01-26T20:29:05","date_gmt":"2023-01-26T19:29:05","guid":{"rendered":"https:\/\/cunninghams.de\/coonhound\/"},"modified":"2024-01-04T20:55:22","modified_gmt":"2024-01-04T19:55:22","slug":"coonhound","status":"publish","type":"page","link":"https:\/\/cunninghams.de\/cs\/coonhound\/","title":{"rendered":"COONHOUND"},"content":{"rendered":"<p><div class=\"fusion-bg-parallax\" data-bg-align=\"center center\" data-direction=\"up\" data-mute=\"false\" data-opacity=\"100\" data-velocity=\"-0.3\" data-mobile-enabled=\"false\" data-break_parents=\"0\" data-bg-image=\"https:\/\/cunninghams.de\/wp-content\/uploads\/DSC_6035.jpg\" data-bg-repeat=\"false\" ><\/div><div class=\"fusion-fullwidth fullwidth-box fusion-builder-row-1 fusion-flex-container has-pattern-background has-mask-background fusion-parallax-up hundred-percent-fullwidth non-hundred-percent-height-scrolling lazyload\" style=\"--awb-border-radius-top-left:0px;--awb-border-radius-top-right:0px;--awb-border-radius-bottom-right:0px;--awb-border-radius-bottom-left:0px;--awb-padding-right:0px;--awb-padding-bottom:0px;--awb-padding-left:0px;--awb-margin-top:0px;--awb-background-size:cover;--awb-flex-wrap:wrap;\" data-bg=\"https:\/\/cunninghams.de\/wp-content\/uploads\/DSC_6035.jpg\" ><div class=\"fusion-builder-row fusion-row fusion-flex-align-items-flex-start fusion-flex-content-wrap\" style=\"width:104% !important;max-width:104% !important;margin-left: calc(-4% \/ 2 );margin-right: calc(-4% \/ 2 );\"><div class=\"fusion-layout-column fusion_builder_column fusion-builder-column-0 fusion_builder_column_1_1 1_1 fusion-flex-column\" style=\"--awb-bg-size:cover;--awb-width-large:100%;--awb-margin-top-large:0px;--awb-spacing-right-large:1.92%;--awb-margin-bottom-large:20px;--awb-spacing-left-large:1.92%;--awb-width-medium:100%;--awb-order-medium:0;--awb-spacing-right-medium:1.92%;--awb-spacing-left-medium:1.92%;--awb-width-small:100%;--awb-order-small:0;--awb-spacing-right-small:1.92%;--awb-spacing-left-small:1.92%;\"><div class=\"fusion-column-wrapper fusion-column-has-shadow fusion-flex-justify-content-flex-start fusion-content-layout-column\"><div class=\"fusion-separator fusion-full-width-sep\" style=\"align-self: center;margin-left: auto;margin-right: auto;margin-top:10%;margin-bottom:20%;width:100%;\"><\/div><\/div><\/div><\/div><\/div><div id=\"#intro\" class=\"fusion-container-anchor\"><div class=\"fusion-fullwidth fullwidth-box fusion-builder-row-2 fusion-flex-container has-pattern-background has-mask-background nonhundred-percent-fullwidth non-hundred-percent-height-scrolling\" style=\"--awb-border-radius-top-left:0px;--awb-border-radius-top-right:0px;--awb-border-radius-bottom-right:0px;--awb-border-radius-bottom-left:0px;--awb-padding-top:120px;--awb-padding-bottom:80px;--awb-padding-top-small:80px;--awb-background-image:linear-gradient(180deg, var(--awb-color1) 0%,rgba(113,50,0,0.65) 100%);--awb-flex-wrap:wrap;\" ><div class=\"fusion-builder-row fusion-row fusion-flex-align-items-flex-start fusion-flex-content-wrap\" style=\"max-width:1248px;margin-left: calc(-4% \/ 2 );margin-right: calc(-4% \/ 2 );\"><div class=\"fusion-layout-column fusion_builder_column fusion-builder-column-1 fusion_builder_column_1_1 1_1 fusion-flex-column\" style=\"--awb-bg-size:cover;--awb-width-large:100%;--awb-margin-top-large:0px;--awb-spacing-right-large:1.92%;--awb-margin-bottom-large:20px;--awb-spacing-left-large:1.92%;--awb-width-medium:100%;--awb-spacing-right-medium:1.92%;--awb-spacing-left-medium:1.92%;--awb-width-small:100%;--awb-spacing-right-small:1.92%;--awb-spacing-left-small:1.92%;\"><div class=\"fusion-column-wrapper fusion-flex-justify-content-flex-start fusion-content-layout-column\"><div class=\"fusion-title title fusion-title-1 fusion-title-text fusion-title-size-two\" style=\"--awb-margin-top-small:0px;--awb-margin-right-small:0px;--awb-margin-bottom-small:20px;--awb-margin-left-small:0px;\"><div class=\"title-sep-container title-sep-container-left fusion-no-large-visibility fusion-no-medium-visibility fusion-no-small-visibility\"><div class=\"title-sep sep- sep-solid\" style=\"border-color:#e0dede;\"><\/div><\/div><span class=\"awb-title-spacer fusion-no-large-visibility fusion-no-medium-visibility fusion-no-small-visibility\"><\/span><h2 class=\"fusion-title-heading title-heading-left fusion-responsive-typography-calculated\" style=\"margin:0;--fontSize:40;line-height:1.3;\">Z\u00c1VOD:<br \/>\nHistorie a charakteristika plemene American Black &amp; Tan Coonhound<\/h2><span class=\"awb-title-spacer\"><\/span><div class=\"title-sep-container title-sep-container-right\"><div class=\"title-sep sep- sep-solid\" style=\"border-color:#e0dede;\"><\/div><\/div><\/div><div class=\"fusion-title title fusion-title-2 fusion-title-text fusion-title-size-four\" style=\"--awb-margin-top-small:0px;--awb-margin-right-small:0px;--awb-margin-bottom-small:20px;--awb-margin-left-small:0px;\"><div class=\"title-sep-container title-sep-container-left fusion-no-large-visibility fusion-no-medium-visibility fusion-no-small-visibility\"><div class=\"title-sep sep- sep-solid\" style=\"border-color:#e0dede;\"><\/div><\/div><span class=\"awb-title-spacer fusion-no-large-visibility fusion-no-medium-visibility fusion-no-small-visibility\"><\/span><h4 class=\"fusion-title-heading title-heading-left fusion-responsive-typography-calculated\" style=\"margin:0;--fontSize:20;--minFontSize:20;line-height:1.5;\"><p>American Black and Tan Coonhound je americk\u00e9 plemeno ps\u016f vy\u0161lecht\u011bn\u00e9 pro lov m\u00fdval\u016f a dal\u0161\u00edch divok\u00fdch zv\u00ed\u0159at. P\u0159edpokl\u00e1d\u00e1 se, \u017ee poch\u00e1z\u00ed z anglick\u00fdch foxhound\u016f a bloodhound\u016f p\u0159ivezen\u00fdch do Ameriky v 18. stolet\u00ed. Postupem \u010dasu se psi vyv\u00edjeli a specializovali se na lov v les\u00edch Apala\u010dsk\u00e9ho poho\u0159\u00ed a na jihu USA.<\/p>\n<p>Charakteristick\u00fdm znakem americk\u00e9ho \u010dernop\u00e1len\u00e9ho m\u00fdval\u00edho psa je jeho hlubok\u00fd, melodick\u00fd \u0161t\u011bkav\u00fd t\u00f3n, kter\u00fd ho odli\u0161uje od ostatn\u00edch plemen ps\u016f. Tento zvuk slou\u017e\u00ed ke sledov\u00e1n\u00ed a vystopov\u00e1n\u00ed loven\u00e9 ko\u0159isti. Pes m\u00e1 tak\u00e9 vynikaj\u00edc\u00ed nos a je schopen zachytit pachy star\u00e9 n\u011bkolik dn\u00ed nebo dokonce t\u00fddn\u016f.<\/p>\n<p>Americk\u00fd \u010dernop\u00e1len\u00fd m\u00fdval\u00ed pes m\u00e1 silnou, svalnatou postavu a hladkou, lesklou srst \u010dern\u00e9 barvy s p\u00e1len\u00edm. M\u00e1 dlouh\u00e9 u\u0161i a dlouh\u00fd ocas, kter\u00e9 mu pom\u00e1haj\u00ed udr\u017eet rovnov\u00e1hu p\u0159i ch\u016fzi nerovn\u00fdm ter\u00e9nem.<br \/>\nObecn\u011b je americk\u00fd \u010dernop\u00e1len\u00fd m\u00fdval\u00ed pes p\u0159\u00e1telsk\u00fd a v\u011brn\u00fd pes, kter\u00fd je velmi v\u00e1zan\u00fd na svou rodinu. Je v\u0161ak tak\u00e9 velmi aktivn\u00ed a pot\u0159ebuje hodn\u011b pohybu a aktivity, aby byl \u0161\u0165astn\u00fd a zdrav\u00fd. Nejl\u00e9pe se hod\u00ed pro lidi, kte\u0159\u00ed maj\u00ed hodn\u011b \u010dasu a energie a r\u00e1di jsou venku a doprov\u00e1zej\u00ed sv\u00e9ho psa na dlouh\u00fdch proch\u00e1zk\u00e1ch nebo b\u011bh\u00e1n\u00ed.<\/p>\n<p>V USA m\u00e1 americk\u00fd \u010dernop\u00e1len\u00fd m\u00fdval\u00ed pes dlouhou historii jako loveck\u00fd pes, ale chov\u00e1 se tak\u00e9 jako rodinn\u00fd pes a pes spole\u010dn\u00edk. Nen\u00ed v\u0161ak pro ka\u017ed\u00e9ho, proto\u017ee pot\u0159ebuje hodn\u011b pohybu a pozornosti a jeho hlubok\u00fd \u0161t\u011bkav\u00fd t\u00f3n m\u016f\u017ee b\u00fdt pro n\u011bkter\u00e9 lidi nep\u0159\u00edjemn\u00fd.<br \/>\nAmerick\u00fd \u010dernop\u00e1len\u00fd m\u00fdval\u00ed pes se dnes pou\u017e\u00edv\u00e1 nejen jako loveck\u00fd pes, ale i v jin\u00fdch oblastech.<\/p><\/h4><span class=\"awb-title-spacer\"><\/span><div class=\"title-sep-container title-sep-container-right\"><div class=\"title-sep sep- sep-solid\" style=\"border-color:#e0dede;\"><\/div><\/div><\/div><div class=\"fusion-title title fusion-title-3 fusion-title-text fusion-title-size-four\" style=\"--awb-margin-top-small:0px;--awb-margin-right-small:0px;--awb-margin-bottom-small:20px;--awb-margin-left-small:0px;\"><div class=\"title-sep-container title-sep-container-left fusion-no-large-visibility fusion-no-medium-visibility fusion-no-small-visibility\"><div class=\"title-sep sep- sep-solid\" style=\"border-color:#e0dede;\"><\/div><\/div><span class=\"awb-title-spacer fusion-no-large-visibility fusion-no-medium-visibility fusion-no-small-visibility\"><\/span><h4 class=\"fusion-title-heading title-heading-left fusion-responsive-typography-calculated\" style=\"margin:0;--fontSize:20;--minFontSize:20;line-height:1.5;\"><p><strong>K modern\u00edm zp\u016fsob\u016fm vyu\u017eit\u00ed tohoto plemene ps\u016f pat\u0159\u00ed:<br \/>\n<\/strong><br \/>\n<strong>Pr\u00e1ce z\u00e1chran\u00e1\u0159sk\u00fdch ps\u016f:<\/strong><br \/>\nAmerick\u00fd \u010dernop\u00e1len\u00fd m\u00fdval\u00ed pes m\u00e1 vynikaj\u00edc\u00ed nos a je schopen zachytit pach, co\u017e z n\u011bj d\u011bl\u00e1 vynikaj\u00edc\u00edho z\u00e1chran\u00e1\u0159sk\u00e9ho psa. Dok\u00e1\u017ee naj\u00edt poh\u0159e\u0161ovan\u00e9 osoby nebo zv\u00ed\u0159ata a jeho schopnosti se \u010dasto vyu\u017e\u00edvaj\u00ed p\u0159i p\u00e1tr\u00e1n\u00ed po poh\u0159e\u0161ovan\u00fdch osob\u00e1ch v lese nebo v drsn\u00e9m ter\u00e9nu.<\/p>\n<p><strong>Terapeutick\u00fd pes:<\/strong><br \/>\nAmerick\u00fd \u010dernop\u00e1len\u00fd m\u00fdval\u00ed pes je d\u00edky sv\u00e9 p\u0159\u00e1telsk\u00e9 a miluj\u00edc\u00ed povaze vhodn\u00fdm terapeutick\u00fdm psem. Lze ji vyu\u017e\u00edt v nemocnic\u00edch, pe\u010dovatelsk\u00fdch domech a \u0161kol\u00e1ch k podpo\u0159e emocion\u00e1ln\u00edch a fyzick\u00fdch pot\u0159eb pacient\u016f. <a href=\"https:\/\/de.wikipedia.org\/wiki\/Therapiehund\" target=\"_blank\" rel=\"noopener\">(v\u00edce informac\u00ed)<\/a><\/p>\n<p><strong>Ps\u00ed sporty:<\/strong><br \/>\nAmerick\u00fd \u010dernop\u00e1len\u00fd m\u00fdval\u00ed pes m\u00e1 spoustu energie a je velmi mazliv\u00fd, tak\u017ee je vhodn\u00fd pro ps\u00ed sporty, jako je agility, flyball a obedience.<\/p>\n<p><strong>Tracking:<\/strong><br \/>\nAmerick\u00fd \u010dernop\u00e1len\u00fd m\u00fdval\u00ed pes je vynikaj\u00edc\u00ed pachov\u00fd pes a m\u00e1 vynikaj\u00edc\u00ed nos, tak\u017ee je skv\u011bl\u00fdm kandid\u00e1tem na stopov\u00e1n\u00ed pach\u016f. Lze jej tak\u00e9 pou\u017e\u00edt p\u0159i p\u00e1tr\u00e1n\u00ed a z\u00e1chran\u011b poh\u0159e\u0161ovan\u00fdch osob.<\/p>\n<p>Je t\u0159eba poznamenat, \u017ee americk\u00fd \u010dernop\u00e1len\u00fd m\u00fdval\u00ed pes je velmi aktivn\u00ed a energick\u00e9 plemeno, kter\u00e9 vy\u017eaduje hodn\u011b pohybu a v\u00fdcviku. Proto by lid\u00e9, kte\u0159\u00ed uva\u017euj\u00ed o tomto plemeni, m\u011bli m\u00edt dostatek \u010dasu a energie na to, aby sv\u00e9mu psovi v\u011bnovali p\u00e9\u010di a podporu, kterou pot\u0159ebuje, aby z\u016fstal \u0161\u0165astn\u00fd a zdrav\u00fd.<\/p><\/h4><span class=\"awb-title-spacer\"><\/span><div class=\"title-sep-container title-sep-container-right\"><div class=\"title-sep sep- sep-solid\" style=\"border-color:#e0dede;\"><\/div><\/div><\/div><div class=\"fusion-title title fusion-title-4 fusion-title-text fusion-title-size-four\" style=\"--awb-margin-top-small:0px;--awb-margin-right-small:0px;--awb-margin-bottom-small:20px;--awb-margin-left-small:0px;\"><div class=\"title-sep-container title-sep-container-left fusion-no-large-visibility fusion-no-medium-visibility fusion-no-small-visibility\"><div class=\"title-sep sep- sep-solid\" style=\"border-color:#e0dede;\"><\/div><\/div><span class=\"awb-title-spacer fusion-no-large-visibility fusion-no-medium-visibility fusion-no-small-visibility\"><\/span><h4 class=\"fusion-title-heading title-heading-left fusion-responsive-typography-calculated\" style=\"margin:0;--fontSize:20;--minFontSize:20;line-height:1.5;\"><p><strong>Historie<\/strong><br \/>\nRan\u00e1 historie americk\u00e9ho \u010dern\u00e9ho a t\u0159\u00edslov\u00e9ho m\u00fdval\u00edho psa je \u00fazce spjata se vznikem USA. Toto plemeno p\u0159ivezli do Ameriky v 18. stolet\u00ed evrop\u0161t\u00ed p\u0159ist\u011bhovalci, kte\u0159\u00ed p\u0159ivezli sv\u00e9 foxhoundy a bloodhoundy k lovu m\u00fdval\u016f a jin\u00e9 zv\u011b\u0159e v les\u00edch Apala\u010dska a na jihu Spojen\u00fdch st\u00e1t\u016f. V pr\u016fb\u011bhu let se tito psi vyv\u00edjeli a specializovali se na lov v n\u00e1ro\u010dn\u00fdch podm\u00ednk\u00e1ch americk\u00fdch les\u016f.<\/p>\n<p>V 19. stolet\u00ed pou\u017e\u00edvali americk\u00e9ho \u010dernop\u00e1len\u00e9ho m\u00fdval\u00edho psa lovci a farm\u00e1\u0159i v ji\u017en\u00edch st\u00e1tech USA k lovu m\u00fdval\u016f a dal\u0161\u00edch divok\u00fdch zv\u00ed\u0159at, kter\u00e1 jim ni\u010dila \u00farodu. Pes si rychle z\u00edskal pov\u011bst vynikaj\u00edc\u00edho stopa\u0159e a \u010dasto byl chov\u00e1n ve sme\u010dk\u00e1ch ke sledov\u00e1n\u00ed a dohled\u00e1v\u00e1n\u00ed loveck\u00e9 ko\u0159isti.<\/p>\n<p>Mezi v\u00fdznamn\u00e9 chovatele americk\u00fdch \u010dern\u00fdch a t\u0159\u00edslov\u00fdch m\u00fdval\u00edch ps\u016f pat\u0159\u00ed George Washington a Thomas Jefferson, kte\u0159\u00ed vlastnili foxhoundy a bloodhoundy a pos\u00edlali je na lov do sv\u00fdch les\u016f. Americk\u00e9ho \u010dernop\u00e1len\u00e9ho m\u00fdval\u00edho psa pou\u017e\u00edvali tak\u00e9 slavn\u00ed lovci, nap\u0159\u00edklad Daniel Boone a Davy Crockett.<\/p>\n<p>Koncem 19. stolet\u00ed bylo plemeno ofici\u00e1ln\u011b uzn\u00e1no a dostalo n\u00e1zev &#8222;American Black and Tan Coonhound&#8220; a od t\u00e9 doby je v USA obl\u00edben\u00fdm spole\u010densk\u00fdm a loveck\u00fdm psem. Dnes je to vz\u00e1cn\u00e9 plemeno a chovaj\u00ed ho hlavn\u011b nad\u0161enci, kte\u0159\u00ed si v\u00e1\u017e\u00ed jeho historie a pr\u00e1ce.<\/p>\n<p><strong>Treeing<\/strong><br \/>\nozna\u010duje schopnost psa nah\u00e1n\u011bt divok\u00e1 zv\u00ed\u0159ata, jako jsou m\u00fdvalov\u00e9 nebo li\u0161ky, na stromy a pron\u00e1sledovat je. Americk\u00fd Black and Tan Coonhound je plemeno vy\u0161lecht\u011bn\u00e9 speci\u00e1ln\u011b pro tento typ lovu a m\u00e1 dlouhou historii stopov\u00e1n\u00ed.<br \/>\nStromov\u00e1n\u00ed je pro psa n\u00e1ro\u010dn\u00fd \u00fakol, kter\u00fd vy\u017eaduje vytrvalost, inteligenci a vynikaj\u00edc\u00ed nos. Americk\u00fd \u010dernop\u00e1len\u00fd m\u00fdval\u00ed pes m\u00e1 v\u0161echny tyto vlastnosti a je schopen zachytit pach divok\u00e9 zv\u011b\u0159e a vystopovat ji, i kdy\u017e je star\u00e1 n\u011bkolik dn\u00ed nebo t\u00fddn\u016f. Kdy\u017e za\u017eene ko\u0159ist na strom, sleduje ji tam a vyd\u00e1v\u00e1 hlubok\u00fd, melodick\u00fd \u0161t\u011bkav\u00fd zvuk, aby lovce informoval, kde se zv\u011b\u0159 nach\u00e1z\u00ed.<\/p>\n<p>Treeing je v USA obl\u00edbenou formou lovu a existuje n\u011bkolik sout\u011b\u017e\u00ed a \u0161ampion\u00e1t\u016f, kter\u00fdch se ameri\u010dt\u00ed \u010dern\u00ed a t\u0159\u00edslov\u00ed m\u00fdval\u00ed psi mohou \u00fa\u010dastnit. P\u0159i t\u011bchto sout\u011b\u017e\u00edch se hodnot\u00ed schopnost psa stopovat, \u0159\u00eddit a \u010dekat na zv\u011b\u0159, stejn\u011b jako jeho hlasitost \u0161t\u011bk\u00e1n\u00ed a spolupr\u00e1ce s lovcem.<\/p>\n<p>Je t\u0159eba poznamenat, \u017ee stromov\u00e1n\u00ed je specializovan\u00e1 dovednost a ne v\u0161ichni psi jsou pro ni vhodn\u00ed nebo vycvi\u010den\u00ed, vy\u017eaduje mnoho v\u00fdcviku a zku\u0161enost\u00ed jak od psa, tak od majitele. Je d\u016fle\u017eit\u00e9, aby byl americk\u00fd \u010dernop\u00e1skov\u00fd m\u00fdval\u00ed pes cvi\u010den\u00fd na stromy chov\u00e1n v prost\u0159ed\u00ed, kde m\u00e1 dostatek pohybu a du\u0161evn\u00ed stimulace pro rozvoj a zdokonalen\u00ed sv\u00fdch schopnost\u00ed.<\/p><\/h4><span class=\"awb-title-spacer\"><\/span><div class=\"title-sep-container title-sep-container-right\"><div class=\"title-sep sep- sep-solid\" style=\"border-color:#e0dede;\"><\/div><\/div><\/div><div class=\"fusion-separator fusion-full-width-sep\" style=\"align-self: center;margin-left: auto;margin-right: auto;margin-top:100px;width:100%;\"><\/div><div class=\"fusion-image-element \" style=\"--awb-caption-title-font-family:var(--h2_typography-font-family);--awb-caption-title-font-weight:var(--h2_typography-font-weight);--awb-caption-title-font-style:var(--h2_typography-font-style);--awb-caption-title-size:var(--h2_typography-font-size);--awb-caption-title-transform:var(--h2_typography-text-transform);--awb-caption-title-line-height:var(--h2_typography-line-height);--awb-caption-title-letter-spacing:var(--h2_typography-letter-spacing);\"><span class=\" fusion-imageframe imageframe-none imageframe-1 hover-type-none\"><img decoding=\"async\" width=\"2000\" height=\"1105\" alt=\"Black and Tan Coonhound - Plemeno \" title=\"Halloween-7\" src=\"https:\/\/cunninghams.de\/wp-content\/uploads\/Halloween-7-1.jpg\" data-orig-src=\"https:\/\/cunninghams.de\/wp-content\/uploads\/Halloween-7-1.jpg\" class=\"lazyload img-responsive wp-image-2398\" srcset=\"data:image\/svg+xml,%3Csvg%20xmlns%3D%27http%3A%2F%2Fwww.w3.org%2F2000%2Fsvg%27%20width%3D%272000%27%20height%3D%271105%27%20viewBox%3D%270%200%202000%201105%27%3E%3Crect%20width%3D%272000%27%20height%3D%271105%27%20fill-opacity%3D%220%22%2F%3E%3C%2Fsvg%3E\" data-srcset=\"https:\/\/cunninghams.de\/wp-content\/uploads\/Halloween-7-1-200x111.jpg 200w, https:\/\/cunninghams.de\/wp-content\/uploads\/Halloween-7-1-400x221.jpg 400w, https:\/\/cunninghams.de\/wp-content\/uploads\/Halloween-7-1-600x332.jpg 600w, https:\/\/cunninghams.de\/wp-content\/uploads\/Halloween-7-1-800x442.jpg 800w, https:\/\/cunninghams.de\/wp-content\/uploads\/Halloween-7-1-1200x663.jpg 1200w, https:\/\/cunninghams.de\/wp-content\/uploads\/Halloween-7-1.jpg 2000w\" data-sizes=\"auto\" data-orig-sizes=\"(max-width: 1024px) 100vw, (max-width: 640px) 100vw, 1200px\" \/><\/span><\/div><\/div><\/div><\/div><\/div><\/div><\/p>\n","protected":false},"excerpt":{"rendered":"","protected":false},"author":1,"featured_media":0,"parent":0,"menu_order":0,"comment_status":"closed","ping_status":"closed","template":"100-width.php","meta":{"footnotes":""},"class_list":["post-2553","page","type-page","status-publish","hentry"],"_links":{"self":[{"href":"https:\/\/cunninghams.de\/cs\/wp-json\/wp\/v2\/pages\/2553","targetHints":{"allow":["GET"]}}],"collection":[{"href":"https:\/\/cunninghams.de\/cs\/wp-json\/wp\/v2\/pages"}],"about":[{"href":"https:\/\/cunninghams.de\/cs\/wp-json\/wp\/v2\/types\/page"}],"author":[{"embeddable":true,"href":"https:\/\/cunninghams.de\/cs\/wp-json\/wp\/v2\/users\/1"}],"replies":[{"embeddable":true,"href":"https:\/\/cunninghams.de\/cs\/wp-json\/wp\/v2\/comments?post=2553"}],"version-history":[{"count":0,"href":"https:\/\/cunninghams.de\/cs\/wp-json\/wp\/v2\/pages\/2553\/revisions"}],"wp:attachment":[{"href":"https:\/\/cunninghams.de\/cs\/wp-json\/wp\/v2\/media?parent=2553"}],"curies":[{"name":"wp","href":"https:\/\/api.w.org\/{rel}","templated":true}]}}