{"id":10579,"date":"2024-05-14T11:36:58","date_gmt":"2024-05-14T09:36:58","guid":{"rendered":"https:\/\/cunninghams.de\/stenata\/"},"modified":"2026-01-14T15:28:27","modified_gmt":"2026-01-14T14:28:27","slug":"stenata","status":"publish","type":"page","link":"https:\/\/cunninghams.de\/cs\/stenata\/","title":{"rendered":"\u0160t\u011b\u0148ata"},"content":{"rendered":"<p><div class=\"fusion-bg-parallax\" data-bg-align=\"center top\" data-direction=\"up\" data-mute=\"false\" data-opacity=\"100\" data-velocity=\"-0.3\" data-mobile-enabled=\"false\" data-break_parents=\"0\" data-bg-image=\"https:\/\/cunninghams.de\/wp-content\/uploads\/Wuerfe-1-1024x587.jpg\" data-bg-repeat=\"false\" ><\/div><div class=\"fusion-fullwidth fullwidth-box fusion-builder-row-1 fusion-flex-container has-pattern-background has-mask-background fusion-parallax-up nonhundred-percent-fullwidth non-hundred-percent-height-scrolling lazyload\" style=\"--awb-background-position:center top;--awb-border-radius-top-left:0px;--awb-border-radius-top-right:0px;--awb-border-radius-bottom-right:0px;--awb-border-radius-bottom-left:0px;--awb-margin-top:0px;--awb-background-size:cover;--awb-flex-wrap:wrap;\" data-bg=\"https:\/\/cunninghams.de\/wp-content\/uploads\/Wuerfe-1-1024x587.jpg\" ><div class=\"fusion-builder-row fusion-row fusion-flex-align-items-flex-start fusion-flex-content-wrap\" style=\"max-width:1248px;margin-left: calc(-4% \/ 2 );margin-right: calc(-4% \/ 2 );\"><div class=\"fusion-layout-column fusion_builder_column fusion-builder-column-0 fusion_builder_column_1_1 1_1 fusion-flex-column\" style=\"--awb-bg-size:cover;--awb-width-large:100%;--awb-margin-top-large:20%;--awb-spacing-right-large:1.92%;--awb-margin-bottom-large:20%;--awb-spacing-left-large:1.92%;--awb-width-medium:100%;--awb-order-medium:0;--awb-spacing-right-medium:1.92%;--awb-spacing-left-medium:1.92%;--awb-width-small:100%;--awb-order-small:0;--awb-spacing-right-small:1.92%;--awb-spacing-left-small:1.92%;\" data-scroll-devices=\"small-visibility,medium-visibility,large-visibility\"><div class=\"fusion-column-wrapper fusion-column-has-shadow fusion-flex-justify-content-flex-start fusion-content-layout-column\"><\/div><\/div><\/div><\/div><div class=\"fusion-fullwidth fullwidth-box fusion-builder-row-2 fusion-flex-container has-pattern-background has-mask-background nonhundred-percent-fullwidth non-hundred-percent-height-scrolling\" style=\"--awb-border-radius-top-left:0px;--awb-border-radius-top-right:0px;--awb-border-radius-bottom-right:0px;--awb-border-radius-bottom-left:0px;--awb-flex-wrap:wrap;\" ><div class=\"fusion-builder-row fusion-row fusion-flex-align-items-flex-start fusion-flex-content-wrap\" style=\"max-width:1248px;margin-left: calc(-4% \/ 2 );margin-right: calc(-4% \/ 2 );\"><div class=\"fusion-layout-column fusion_builder_column fusion-builder-column-1 fusion_builder_column_1_2 1_2 fusion-flex-column\" style=\"--awb-bg-size:cover;--awb-width-large:50%;--awb-margin-top-large:0px;--awb-spacing-right-large:3.84%;--awb-margin-bottom-large:20px;--awb-spacing-left-large:3.84%;--awb-width-medium:100%;--awb-order-medium:0;--awb-spacing-right-medium:1.92%;--awb-spacing-left-medium:1.92%;--awb-width-small:100%;--awb-order-small:0;--awb-spacing-right-small:1.92%;--awb-spacing-left-small:1.92%;\"><div class=\"fusion-column-wrapper fusion-column-has-shadow fusion-flex-justify-content-flex-start fusion-content-layout-column\"><div class=\"fusion-title title fusion-title-1 fusion-title-text fusion-title-size-one\" style=\"--awb-margin-bottom:30px;--awb-margin-top-small:0px;--awb-margin-right-small:0px;--awb-margin-bottom-small:20px;--awb-margin-left-small:0px;\"><div class=\"title-sep-container title-sep-container-left fusion-no-large-visibility fusion-no-medium-visibility fusion-no-small-visibility\"><div class=\"title-sep sep- sep-solid\" style=\"border-color:#e0dede;\"><\/div><\/div><span class=\"awb-title-spacer fusion-no-large-visibility fusion-no-medium-visibility fusion-no-small-visibility\"><\/span><h1 class=\"fusion-title-heading title-heading-left fusion-responsive-typography-calculated\" style=\"margin:0;--fontSize:55;line-height:1.5;\">A2<\/h1><span class=\"awb-title-spacer\"><\/span><div class=\"title-sep-container title-sep-container-right\"><div class=\"title-sep sep- sep-solid\" style=\"border-color:#e0dede;\"><\/div><\/div><\/div><div class=\"fusion-image-element \" style=\"--awb-caption-title-font-family:var(--h2_typography-font-family);--awb-caption-title-font-weight:var(--h2_typography-font-weight);--awb-caption-title-font-style:var(--h2_typography-font-style);--awb-caption-title-size:var(--h2_typography-font-size);--awb-caption-title-transform:var(--h2_typography-text-transform);--awb-caption-title-line-height:var(--h2_typography-line-height);--awb-caption-title-letter-spacing:var(--h2_typography-letter-spacing);\"><span class=\" fusion-imageframe imageframe-none imageframe-1 hover-type-none\"><img decoding=\"async\" width=\"1024\" height=\"681\" title=\"AL6_2848\" src=\"https:\/\/cunninghams.de\/wp-content\/uploads\/AL6_2848.jpg\" data-orig-src=\"https:\/\/cunninghams.de\/wp-content\/uploads\/\/AL6_2848-1024x681.jpg\" alt class=\"lazyload img-responsive wp-image-8946\" srcset=\"data:image\/svg+xml,%3Csvg%20xmlns%3D%27http%3A%2F%2Fwww.w3.org%2F2000%2Fsvg%27%20width%3D%271200%27%20height%3D%27798%27%20viewBox%3D%270%200%201200%20798%27%3E%3Crect%20width%3D%271200%27%20height%3D%27798%27%20fill-opacity%3D%220%22%2F%3E%3C%2Fsvg%3E\" data-srcset=\"https:\/\/cunninghams.de\/wp-content\/uploads\/AL6_2848-200x133.jpg 200w, https:\/\/cunninghams.de\/wp-content\/uploads\/AL6_2848-400x266.jpg 400w, https:\/\/cunninghams.de\/wp-content\/uploads\/AL6_2848-600x399.jpg 600w, https:\/\/cunninghams.de\/wp-content\/uploads\/AL6_2848-800x532.jpg 800w, https:\/\/cunninghams.de\/wp-content\/uploads\/AL6_2848.jpg 1200w\" data-sizes=\"auto\" data-orig-sizes=\"(max-width: 1024px) 100vw, (max-width: 640px) 100vw, 600px\" \/><\/span><\/div><div class=\"fusion-text fusion-text-1\" style=\"--awb-margin-top:30px;\"><p>Pot\u00e9, co se v roce 1987 narodili prvn\u00ed \u0161t\u011b\u0148ata anglick\u00e9ho setra z vrhu \u201eCunninghams A-Wurf\u201c, se 5. dubna 2024 narodila \u0161t\u011b\u0148ata coonhounda z vrhu A2-Wurf z dvojit\u00e9ho kryt\u00ed.<br \/>\nPodle v\u00fdsledk\u016f genetick\u00fdch test\u016f byli oba otcov\u00e9 \u00fasp\u011b\u0161n\u00ed a m\u011bli mal\u00e9 syny a dcery.<\/p>\n<p><strong>Rodi\u010de:<\/strong><br \/>\nOtec: Chuck Blossoming Meadow (3 psi, 4 feny)<br \/>\nOtec: Apikai Black and Tan from Red Castle (2 psi, 3 feny)<br \/>\nMutter: Halloween od Charming Shadow<\/p>\n<\/div><div ><a class=\"fusion-button button-flat fusion-button-default-size button-default fusion-button-default button-1 fusion-button-default-span fusion-button-default-type\" target=\"_self\" href=\"https:\/\/cunninghams.de\/cs\/vrh-a\/\"><span class=\"fusion-button-text awb-button__text awb-button__text--default\">Dal\u0161\u00ed informace<\/span><\/a><\/div><\/div><\/div><div class=\"fusion-layout-column fusion_builder_column fusion-builder-column-2 fusion_builder_column_1_2 1_2 fusion-flex-column\" style=\"--awb-bg-size:cover;--awb-width-large:50%;--awb-margin-top-large:0px;--awb-spacing-right-large:3.84%;--awb-margin-bottom-large:20px;--awb-spacing-left-large:3.84%;--awb-width-medium:100%;--awb-order-medium:0;--awb-spacing-right-medium:1.92%;--awb-spacing-left-medium:1.92%;--awb-width-small:100%;--awb-order-small:0;--awb-spacing-right-small:1.92%;--awb-spacing-left-small:1.92%;\"><div class=\"fusion-column-wrapper fusion-column-has-shadow fusion-flex-justify-content-flex-start fusion-content-layout-column\"><div class=\"fusion-title title fusion-title-2 fusion-title-text fusion-title-size-one\" style=\"--awb-margin-bottom:30px;--awb-margin-top-small:0px;--awb-margin-right-small:0px;--awb-margin-bottom-small:20px;--awb-margin-left-small:0px;\"><div class=\"title-sep-container title-sep-container-left fusion-no-large-visibility fusion-no-medium-visibility fusion-no-small-visibility\"><div class=\"title-sep sep- sep-solid\" style=\"border-color:#e0dede;\"><\/div><\/div><span class=\"awb-title-spacer fusion-no-large-visibility fusion-no-medium-visibility fusion-no-small-visibility\"><\/span><h1 class=\"fusion-title-heading title-heading-left fusion-responsive-typography-calculated\" style=\"margin:0;--fontSize:55;line-height:1.5;\">Podest\u00fdlka B2<\/h1><span class=\"awb-title-spacer\"><\/span><div class=\"title-sep-container title-sep-container-right\"><div class=\"title-sep sep- sep-solid\" style=\"border-color:#e0dede;\"><\/div><\/div><\/div><div class=\"fusion-image-element \" style=\"--awb-caption-title-font-family:var(--h2_typography-font-family);--awb-caption-title-font-weight:var(--h2_typography-font-weight);--awb-caption-title-font-style:var(--h2_typography-font-style);--awb-caption-title-size:var(--h2_typography-font-size);--awb-caption-title-transform:var(--h2_typography-text-transform);--awb-caption-title-line-height:var(--h2_typography-line-height);--awb-caption-title-letter-spacing:var(--h2_typography-letter-spacing);\"><span class=\" fusion-imageframe imageframe-none imageframe-2 hover-type-none\"><img decoding=\"async\" width=\"1024\" height=\"768\" title=\"IMG_7228\" src=\"https:\/\/cunninghams.de\/wp-content\/uploads\/IMG_7228-e1749415408344.jpg\" data-orig-src=\"https:\/\/cunninghams.de\/wp-content\/uploads\/\/IMG_7228-1024x768.jpg\" alt class=\"lazyload img-responsive wp-image-11341\" srcset=\"data:image\/svg+xml,%3Csvg%20xmlns%3D%27http%3A%2F%2Fwww.w3.org%2F2000%2Fsvg%27%20width%3D%272000%27%20height%3D%271500%27%20viewBox%3D%270%200%202000%201500%27%3E%3Crect%20width%3D%272000%27%20height%3D%271500%27%20fill-opacity%3D%220%22%2F%3E%3C%2Fsvg%3E\" data-srcset=\"https:\/\/cunninghams.de\/wp-content\/uploads\/IMG_7228-200x150.jpg 200w, https:\/\/cunninghams.de\/wp-content\/uploads\/IMG_7228-400x300.jpg 400w, https:\/\/cunninghams.de\/wp-content\/uploads\/IMG_7228-600x450.jpg 600w, https:\/\/cunninghams.de\/wp-content\/uploads\/IMG_7228-800x600.jpg 800w, https:\/\/cunninghams.de\/wp-content\/uploads\/IMG_7228-1200x900.jpg 1200w, https:\/\/cunninghams.de\/wp-content\/uploads\/IMG_7228-e1749415408344.jpg 2000w\" data-sizes=\"auto\" data-orig-sizes=\"(max-width: 1024px) 100vw, (max-width: 640px) 100vw, 600px\" \/><\/span><\/div><div class=\"fusion-text fusion-text-2\" style=\"--awb-margin-top:30px;\"><p>16. kv\u011btna 2025 se narodilo 8 \u0161t\u011b\u0148at ze spojen\u00ed na\u0161\u00ed ixi a Rockyho. 4 samci a 4 samice.<\/p>\n<p><strong>Rodi\u010de:<\/strong><br \/>\nOtec: Chuck Kvetouc\u00ed louka<br \/>\nMatka: Xtreme Kindness v.d. Mergelhoeve<\/p>\n<\/div><div ><a class=\"fusion-button button-flat fusion-button-default-size button-default fusion-button-default button-2 fusion-button-default-span fusion-button-default-type\" target=\"_self\" href=\"https:\/\/cunninghams.de\/cs\/podestylka-b2\/\"><span class=\"fusion-button-text awb-button__text awb-button__text--default\">Dal\u0161\u00ed informace<\/span><\/a><\/div><\/div><\/div><\/div><\/div><\/p>\n","protected":false},"excerpt":{"rendered":"","protected":false},"author":1,"featured_media":10398,"parent":0,"menu_order":0,"comment_status":"closed","ping_status":"closed","template":"100-width.php","meta":{"footnotes":""},"class_list":["post-10579","page","type-page","status-publish","has-post-thumbnail","hentry"],"_links":{"self":[{"href":"https:\/\/cunninghams.de\/cs\/wp-json\/wp\/v2\/pages\/10579","targetHints":{"allow":["GET"]}}],"collection":[{"href":"https:\/\/cunninghams.de\/cs\/wp-json\/wp\/v2\/pages"}],"about":[{"href":"https:\/\/cunninghams.de\/cs\/wp-json\/wp\/v2\/types\/page"}],"author":[{"embeddable":true,"href":"https:\/\/cunninghams.de\/cs\/wp-json\/wp\/v2\/users\/1"}],"replies":[{"embeddable":true,"href":"https:\/\/cunninghams.de\/cs\/wp-json\/wp\/v2\/comments?post=10579"}],"version-history":[{"count":0,"href":"https:\/\/cunninghams.de\/cs\/wp-json\/wp\/v2\/pages\/10579\/revisions"}],"wp:featuredmedia":[{"embeddable":true,"href":"https:\/\/cunninghams.de\/cs\/wp-json\/wp\/v2\/media\/10398"}],"wp:attachment":[{"href":"https:\/\/cunninghams.de\/cs\/wp-json\/wp\/v2\/media?parent=10579"}],"curies":[{"name":"wp","href":"https:\/\/api.w.org\/{rel}","templated":true}]}}